{"id":2,"date":"2022-09-29T08:19:01","date_gmt":"2022-09-29T08:19:01","guid":{"rendered":"http:\/\/dev.royalsens.com\/?page_id=2"},"modified":"2025-02-12T09:50:21","modified_gmt":"2025-02-12T09:50:21","slug":"certificaten","status":"publish","type":"page","link":"https:\/\/royalsens.com\/de\/certificaten\/","title":{"rendered":"Certificaten"},"content":{"rendered":"\n<div class=\"wp-block-columns is-layout-flex wp-container-core-columns-is-layout-9d6595d7 wp-block-columns-is-layout-flex\">\n<div class=\"wp-block-column is-layout-flow wp-block-column-is-layout-flow\" style=\"flex-basis:800px\">\n<h2 class=\"wp-block-heading has-text-align-center\"><strong>Z<strong>ertifizierung<\/strong><\/strong><\/h2>\n\n\n\n<p class=\"has-text-align-center\">Bei Royal Sens arbeiten wir nach strengen Standards in Bezug auf Qualit\u00e4t, Hygiene, Arbeitsbedingungen, Sicherheit und Nachhaltigkeit. Dies wird j\u00e4hrlich von unabh\u00e4ngigen Zertifizierungsstellen \u00fcberpr\u00fcft.&nbsp;<\/p>\n<\/div>\n<\/div>\n\n\n\n<section class=\"certificates-wrapper\">\n\n        \n     \t<div class=\"certificate\">\n\t\t\t\n\t\t\t<div class=\"logo\">\n\t\t\t\t\n\t\t\t\t\t\t\t\n\t\t\t\t<img decoding=\"async\" src=\"https:\/\/royalsens.com\/de\/wp-content\/uploads\/2022\/12\/ISO-9001-2015-logo-1-1000x1000-1.png\" alt=\"\">\n\t\t\t\t\n\t\t\t\t\t\t\t\t\n\t\t\t<\/div>\n\t\t\t\n\t\t\t<h3>ISO 9001:2015<\/h3>\n\t\t\t\n\t\t\t<p>Unser Qualit\u00e4tsmanagement erf\u00fcllt die strengsten internationalen Anforderungen. Zus\u00e4tzlich zu diesen gesetzlichen Standards, erf\u00fcllen wir auch Sonderanforderungen unserer Kunden.  <\/p>\n\t\t\t\t\n\t\t<\/div>     \n          \n          \n     \t<div class=\"certificate\">\n\t\t\t\n\t\t\t<div class=\"logo\">\n\t\t\t\t\n\t\t\t\t\t\t\t\n\t\t\t\t<img decoding=\"async\" src=\"https:\/\/royalsens.com\/de\/wp-content\/uploads\/2022\/12\/BRCGS.png\" alt=\"\">\n\t\t\t\t\n\t\t\t\t\t\t\t\t\n\t\t\t<\/div>\n\t\t\t\n\t\t\t<h3>BRCGS Verpackungsmaterialien<\/h3>\n\t\t\t\n\t\t\t<p>Das BRC Global Standard for Packaging Materials-Zertifikat garantiert, dass Lebensmittelhersteller in aller Welt die Produkte von Royal Sens sicher verwenden k\u00f6nnen. Die Vergabestelle BRCGS hat uns erneut den AA-Status verliehen. Dar\u00fcber hinaus erf\u00fcllen alle Produktionsst\u00e4tten von Royal Sens die Anforderungen der GFSI (Global Food Safety Initiative).<\/p>\n\t\t\t\t\n\t\t<\/div>     \n          \n          \n     \t<div class=\"certificate\">\n\t\t\t\n\t\t\t<div class=\"logo\">\n\t\t\t\t\n\t\t\t\t\t\t\t\n\t\t\t\t<img decoding=\"async\" src=\"https:\/\/royalsens.com\/de\/wp-content\/uploads\/2022\/12\/fsc-logo.svg\" alt=\"\">\n\t\t\t\t\n\t\t\t\t\t\t\t\t\n\t\t\t<\/div>\n\t\t\t\n\t\t\t<h3>FSC\u00ae<\/h3>\n\t\t\t\n\t\t\t<p>Das FSC\u00ae-G\u00fctezeichen dokumentiert, dass Royal Sens die soziale Verantwortung ernst nimmt. Wo immer m\u00f6glich, versuchen wir unsere Kunden zu ermutigen, FSC\u00ae-zertifiziertes Papier f\u00fcr ihre Etiketten zu verwenden. Wir drucken heute bereits mehr als 90% der Papieretiketten auf FSC\u00ae-Papier, das aus \u00f6kologisch verantwortungsvoller Waldbewirtschaftung stammt. Unsere Papierlieferanten sind ebenfalls FSC\u00ae-zertifiziert.<\/p>\n\t\t\t\t\n\t\t<\/div>     \n          \n          \n     \t<div class=\"certificate\">\n\t\t\t\n\t\t\t<div class=\"logo\">\n\t\t\t\t\n\t\t\t\t\t\t\t\n\t\t\t\t<img decoding=\"async\" src=\"https:\/\/royalsens.com\/de\/wp-content\/uploads\/2022\/12\/dpg-logo.svg\" alt=\"\">\n\t\t\t\t\n\t\t\t\t\t\t\t\t\n\t\t\t<\/div>\n\t\t\t\n\t\t\t<h3>DPG<\/h3>\n\t\t\t\n\t\t\t<p>Mit Erhalt des DPG-Zertifikats der Deutschen Pfandsystem GmbH, ist Royal Sens zertifiziert,<br \/>\nEtiketten f\u00fcr das deutsche Pfandr\u00fccknahmesystem herzustellen. In Deutschland wird jedes Etikett mit diesem Pfandlogo wie ein Sicherheitsartikel behandelt. Deshalb sind unter anderem die Normen f\u00fcr die Verwendung von Farbe und Papier besonders streng. Dies ist Standard bei Royal Sens.<\/p>\n\t\t\t\t\n\t\t<\/div>     \n          \n          \n     \t<div class=\"certificate\">\n\t\t\t\n\t\t\t<div class=\"logo\">\n\t\t\t\t\n\t\t\t\t\t\t\t\n\t\t\t\t<img decoding=\"async\" src=\"https:\/\/royalsens.com\/de\/wp-content\/uploads\/2025\/02\/SedexSmeta.jpg\" alt=\"\">\n\t\t\t\t\n\t\t\t\t\t\t\t\t\n\t\t\t<\/div>\n\t\t\t\n\t\t\t<h3>Sedex | SMETA<\/h3>\n\t\t\t\n\t\t\t<p>Als ein bei Sedex registriertes Unternehmen ist Royal Sens Teil einer transparenten Lieferkette in der Lebensmittelindustrie. Auf der Grundlage ethischer Werte setzen wir uns f\u00fcr einen verantwortungsvollen Einkauf und optimale Arbeitsbedingungen in der gesamten Prozesskette ein.<\/p>\n\t\t\t\t\n\t\t<\/div>     \n          \n          \n     \t<div class=\"certificate\">\n\t\t\t\n\t\t\t<div class=\"logo\">\n\t\t\t\t\n\t\t\t\t\t\t\t\n\t\t\t\t<img decoding=\"async\" src=\"https:\/\/royalsens.com\/de\/wp-content\/uploads\/2023\/03\/ecovadis_2022.jpg\" alt=\"\">\n\t\t\t\t\n\t\t\t\t\t\t\t\t\n\t\t\t<\/div>\n\t\t\t\n\t\t\t<h3>EcoVadis<\/h3>\n\t\t\t\n\t\t\t<p>EcoVadis, die kollaborative Plattform f\u00fcr die soziale Verantwortung von Unternehmen, hat Royal Sens mit dem &#8218;Silver Status&#8216; ausgezeichnet. Die Zusammenarbeit mit EcoVadis hilft uns stets  die neuesten Standards im Bereich des \u00f6kologischen und sozialen Unternehmertums einzuhalten.<\/p>\n\t\t\t\t\n\t\t<\/div>     \n          \n         \n<section>\n\n\t","protected":false},"excerpt":{"rendered":"<p>Zertifizierung Bei Royal Sens arbeiten wir nach strengen Standards in Bezug auf Qualit\u00e4t, Hygiene, Arbeitsbedingungen, Sicherheit und Nachhaltigkeit. Dies wird j\u00e4hrlich von unabh\u00e4ngigen Zertifizierungsstellen \u00fcberpr\u00fcft.&nbsp;<\/p>\n","protected":false},"author":1,"featured_media":0,"parent":0,"menu_order":0,"comment_status":"closed","ping_status":"closed","template":"","meta":{"_acf_changed":false,"editor_notices":[],"footnotes":""},"class_list":["post-2","page","type-page","status-publish","hentry"],"acf":[],"yoast_head":"<!-- This site is optimized with the Yoast SEO plugin v27.2 - https:\/\/yoast.com\/product\/yoast-seo-wordpress\/ -->\n<title>Certificaten - Royal Sens DE<\/title>\n<meta name=\"robots\" content=\"index, follow, max-snippet:-1, max-image-preview:large, max-video-preview:-1\" \/>\n<link rel=\"canonical\" href=\"https:\/\/royalsens.com\/de\/certificaten\/\" \/>\n<meta property=\"og:locale\" content=\"de_DE\" \/>\n<meta property=\"og:type\" content=\"article\" \/>\n<meta property=\"og:title\" content=\"Certificaten - Royal Sens DE\" \/>\n<meta property=\"og:description\" content=\"Zertifizierung Bei Royal Sens arbeiten wir nach strengen Standards in Bezug auf Qualit\u00e4t, Hygiene, Arbeitsbedingungen, Sicherheit und Nachhaltigkeit. Dies wird j\u00e4hrlich von unabh\u00e4ngigen Zertifizierungsstellen \u00fcberpr\u00fcft.&nbsp;\" \/>\n<meta property=\"og:url\" content=\"https:\/\/royalsens.com\/de\/certificaten\/\" \/>\n<meta property=\"og:site_name\" content=\"Royal Sens DE\" \/>\n<meta property=\"article:modified_time\" content=\"2025-02-12T09:50:21+00:00\" \/>\n<meta name=\"twitter:card\" content=\"summary_large_image\" \/>\n<meta name=\"twitter:label1\" content=\"Gesch\u00e4tzte Lesezeit\" \/>\n\t<meta name=\"twitter:data1\" content=\"1\u00a0Minute\" \/>\n<script type=\"application\/ld+json\" class=\"yoast-schema-graph\">{\"@context\":\"https:\/\/schema.org\",\"@graph\":[{\"@type\":\"WebPage\",\"@id\":\"https:\/\/royalsens.com\/de\/certificaten\/\",\"url\":\"https:\/\/royalsens.com\/de\/certificaten\/\",\"name\":\"Certificaten - Royal Sens DE\",\"isPartOf\":{\"@id\":\"https:\/\/royalsens.com\/de\/#website\"},\"datePublished\":\"2022-09-29T08:19:01+00:00\",\"dateModified\":\"2025-02-12T09:50:21+00:00\",\"breadcrumb\":{\"@id\":\"https:\/\/royalsens.com\/de\/certificaten\/#breadcrumb\"},\"inLanguage\":\"de\",\"potentialAction\":[{\"@type\":\"ReadAction\",\"target\":[\"https:\/\/royalsens.com\/de\/certificaten\/\"]}]},{\"@type\":\"BreadcrumbList\",\"@id\":\"https:\/\/royalsens.com\/de\/certificaten\/#breadcrumb\",\"itemListElement\":[{\"@type\":\"ListItem\",\"position\":1,\"name\":\"Home\",\"item\":\"https:\/\/royalsens.com\/de\/\"},{\"@type\":\"ListItem\",\"position\":2,\"name\":\"Certificaten\"}]},{\"@type\":\"WebSite\",\"@id\":\"https:\/\/royalsens.com\/de\/#website\",\"url\":\"https:\/\/royalsens.com\/de\/\",\"name\":\"Royal Sens DE\",\"description\":\"\",\"potentialAction\":[{\"@type\":\"SearchAction\",\"target\":{\"@type\":\"EntryPoint\",\"urlTemplate\":\"https:\/\/royalsens.com\/de\/?s={search_term_string}\"},\"query-input\":{\"@type\":\"PropertyValueSpecification\",\"valueRequired\":true,\"valueName\":\"search_term_string\"}}],\"inLanguage\":\"de\"}]}<\/script>\n<!-- \/ Yoast SEO plugin. -->","yoast_head_json":{"title":"Certificaten - Royal Sens DE","robots":{"index":"index","follow":"follow","max-snippet":"max-snippet:-1","max-image-preview":"max-image-preview:large","max-video-preview":"max-video-preview:-1"},"canonical":"https:\/\/royalsens.com\/de\/certificaten\/","og_locale":"de_DE","og_type":"article","og_title":"Certificaten - Royal Sens DE","og_description":"Zertifizierung Bei Royal Sens arbeiten wir nach strengen Standards in Bezug auf Qualit\u00e4t, Hygiene, Arbeitsbedingungen, Sicherheit und Nachhaltigkeit. Dies wird j\u00e4hrlich von unabh\u00e4ngigen Zertifizierungsstellen \u00fcberpr\u00fcft.&nbsp;","og_url":"https:\/\/royalsens.com\/de\/certificaten\/","og_site_name":"Royal Sens DE","article_modified_time":"2025-02-12T09:50:21+00:00","twitter_card":"summary_large_image","twitter_misc":{"Gesch\u00e4tzte Lesezeit":"1\u00a0Minute"},"schema":{"@context":"https:\/\/schema.org","@graph":[{"@type":"WebPage","@id":"https:\/\/royalsens.com\/de\/certificaten\/","url":"https:\/\/royalsens.com\/de\/certificaten\/","name":"Certificaten - Royal Sens DE","isPartOf":{"@id":"https:\/\/royalsens.com\/de\/#website"},"datePublished":"2022-09-29T08:19:01+00:00","dateModified":"2025-02-12T09:50:21+00:00","breadcrumb":{"@id":"https:\/\/royalsens.com\/de\/certificaten\/#breadcrumb"},"inLanguage":"de","potentialAction":[{"@type":"ReadAction","target":["https:\/\/royalsens.com\/de\/certificaten\/"]}]},{"@type":"BreadcrumbList","@id":"https:\/\/royalsens.com\/de\/certificaten\/#breadcrumb","itemListElement":[{"@type":"ListItem","position":1,"name":"Home","item":"https:\/\/royalsens.com\/de\/"},{"@type":"ListItem","position":2,"name":"Certificaten"}]},{"@type":"WebSite","@id":"https:\/\/royalsens.com\/de\/#website","url":"https:\/\/royalsens.com\/de\/","name":"Royal Sens DE","description":"","potentialAction":[{"@type":"SearchAction","target":{"@type":"EntryPoint","urlTemplate":"https:\/\/royalsens.com\/de\/?s={search_term_string}"},"query-input":{"@type":"PropertyValueSpecification","valueRequired":true,"valueName":"search_term_string"}}],"inLanguage":"de"}]}},"_links":{"self":[{"href":"https:\/\/royalsens.com\/de\/wp-json\/wp\/v2\/pages\/2","targetHints":{"allow":["GET"]}}],"collection":[{"href":"https:\/\/royalsens.com\/de\/wp-json\/wp\/v2\/pages"}],"about":[{"href":"https:\/\/royalsens.com\/de\/wp-json\/wp\/v2\/types\/page"}],"author":[{"embeddable":true,"href":"https:\/\/royalsens.com\/de\/wp-json\/wp\/v2\/users\/1"}],"replies":[{"embeddable":true,"href":"https:\/\/royalsens.com\/de\/wp-json\/wp\/v2\/comments?post=2"}],"version-history":[{"count":37,"href":"https:\/\/royalsens.com\/de\/wp-json\/wp\/v2\/pages\/2\/revisions"}],"predecessor-version":[{"id":1386,"href":"https:\/\/royalsens.com\/de\/wp-json\/wp\/v2\/pages\/2\/revisions\/1386"}],"wp:attachment":[{"href":"https:\/\/royalsens.com\/de\/wp-json\/wp\/v2\/media?parent=2"}],"curies":[{"name":"wp","href":"https:\/\/api.w.org\/{rel}","templated":true}]}}