{"id":40,"date":"2022-09-29T09:03:04","date_gmt":"2022-09-29T09:03:04","guid":{"rendered":"https:\/\/dev.royalsens.com\/?page_id=40"},"modified":"2026-04-24T06:43:44","modified_gmt":"2026-04-24T06:43:44","slug":"uber-uns","status":"publish","type":"page","link":"https:\/\/royalsens.com\/de\/uber-uns\/","title":{"rendered":"\u00dcber uns"},"content":{"rendered":"\n<div class=\"content-blocks with-image\">\n\n        \n     \t\t<div class=\"block\">\n\t\t\t\t\n\t\t\t\t<div class=\"content\">\n\t\t\t\t\t\n\t\t\t\t\t<h2 style=\"font-weight: 400;\"><strong>Kontinuit\u00e4t hat einen Namen<\/strong><\/h2>\n<p style=\"font-weight: 400;\">Royal Sens stellt seit 1896 Etiketten her. Heute verf\u00fcgen wir \u00fcber vier Niederlassungen in drei L\u00e4ndern und haben uns international zu einem f\u00fchrenden Unternehmen in der modernen Verpackungsindustrie entwickelt. Mit rund 230 Mitarbeitern produzieren wir j\u00e4hrlich fast 9 Milliarden Nassleimetiketten und flexible Verpackungen. Wir liefern 17.000 aktive SKUs und bearbeiten mehr als 16.000 Auftr\u00e4ge in zehn L\u00e4ndern.<\/p>\n<p>&nbsp;<\/p>\n<div><a href=\"https:\/\/youtu.be\/MBENN1j7laI\"><span lang=\"DE\">Sehen Sie sich unseren Unternehmensfilm an<\/span><\/a><\/div>\n\t\t\t\t\t\n\n\t\t\t\t<\/div>\n\t\t\t\t\n\t\t\t\t<img decoding=\"async\" src=\"https:\/\/royalsens.com\/de\/wp-content\/uploads\/2022\/09\/hellmanns-royal-sens-2.png\" alt=\"\">\n\t\t\t\t\t\t\t\t\t\t\t\n\t\t\t<\/div>\n     \n     \n     \n         \n<\/div>\n\n\n\n\n<div class=\"wp-block-columns is-layout-flex wp-container-core-columns-is-layout-9d6595d7 wp-block-columns-is-layout-flex\">\n<div class=\"wp-block-column is-layout-flow wp-block-column-is-layout-flow\" style=\"flex-basis:800px\">\n<div class=\"wp-block-columns is-layout-flex wp-container-core-columns-is-layout-9d6595d7 wp-block-columns-is-layout-flex\">\n<div class=\"wp-block-column is-layout-flow wp-block-column-is-layout-flow\" style=\"flex-basis:700px\">\n<h2 class=\"wp-block-heading\"><strong><strong>A-Marken und Handelsmarken<\/strong><\/strong><\/h2>\n\n\n\n<p>Royal Sens beliefert haupts\u00e4chlich die Lebensmittel- und Getr\u00e4nkeindustrie, sowie auch Hersteller von Haushalts- und Pharmaprodukten. Zu unseren Kunden geh\u00f6ren fast alle f\u00fchrenden europ\u00e4ischen Hersteller von Premium-Marken sowie eine gro\u00dfe Zahl von Handelsmarkenherstellern.<\/p>\n\n\n\n<div style=\"height:33px\" aria-hidden=\"true\" class=\"wp-block-spacer\"><\/div>\n\n\n\n<h2 class=\"wp-block-heading\"><strong><strong>Pers\u00f6nlicher Ansprechpartner<\/strong><\/strong><\/h2>\n\n\n\n<p>Als Kunde von Royal Sens k\u00f6nnen Sie sich auf Ihre kompetenten Ansprechpartner verlassen. Wir denken mit und entwickeln gerne mit Ihnen gemeinsam individuelle L\u00f6sungen.&nbsp;Ihr pers\u00f6nlicher Kundenbetreuer betreut Ihren Auftrag von Anfang bis zur Auslieferung.<\/p>\n\n\n\n<p><a href=\"https:\/\/royalsens.com\/de\/kontakt\/\">Kontaktieren Sie uns<\/a><\/p>\n\n\n\n<div style=\"height:33px\" aria-hidden=\"true\" class=\"wp-block-spacer\"><\/div>\n\n\n\n<h2 class=\"wp-block-heading\"><strong><strong>Wir wissen, worauf es ankommt<\/strong><\/strong><\/h2>\n\n\n\n<p>Der Verpackungsmarkt ist st\u00e4ndig in Bewegung. Und wir von Royal Sens auch. Wir reagieren schnell auf Trends und Ver\u00e4nderungen. Mit dem st\u00e4ndigen Invest in neue Techniken, das Wissen unserer Mitarbeiter und unserem hochmodernen Maschinenpark sichern wir Ihre Qualit\u00e4tsspr\u00fcche gem\u00e4\u00df den vereinbarten Spezifikationen.<\/p>\n\n\n\n<div style=\"height:14px\" aria-hidden=\"true\" class=\"wp-block-spacer\"><\/div>\n<\/div>\n<\/div>\n\n\n\n<figure class=\"wp-block-image size-large\"><img loading=\"lazy\" decoding=\"async\" width=\"1024\" height=\"698\" src=\"https:\/\/royalsens.com\/wp-content\/uploads\/2021\/04\/avl_royalsens_210622-035-1024x698.jpg\" alt=\"\" class=\"wp-image-73\" srcset=\"https:\/\/royalsens.com\/de\/wp-content\/uploads\/2021\/04\/avl_royalsens_210622-035-1024x698.jpg 1024w, https:\/\/royalsens.com\/de\/wp-content\/uploads\/2021\/04\/avl_royalsens_210622-035-300x205.jpg 300w, https:\/\/royalsens.com\/de\/wp-content\/uploads\/2021\/04\/avl_royalsens_210622-035-768x524.jpg 768w, https:\/\/royalsens.com\/de\/wp-content\/uploads\/2021\/04\/avl_royalsens_210622-035.jpg 1200w\" sizes=\"auto, (max-width: 1024px) 100vw, 1024px\" \/><\/figure>\n\n\n\n<div class=\"wp-block-columns is-layout-flex wp-container-core-columns-is-layout-9d6595d7 wp-block-columns-is-layout-flex\">\n<div class=\"wp-block-column is-layout-flow wp-block-column-is-layout-flow\" style=\"flex-basis:700px\">\n<h2 class=\"wp-block-heading\"><strong><strong>R\u00fcckverfolgbarkeit<\/strong><\/strong><\/h2>\n\n\n\n<p>Alle Auftragsdetails werden kontinuierlich in einer Datenbank erfasst und dokumentiert.&nbsp;&nbsp;Auf diese Weise k\u00f6nnen wir schnell und sicher den gesamten Auftrag bis ins kleinste Detail nachverfolgenDies macht uns zu einem gesch\u00e4tzten Partner f\u00fcr Hersteller von z. B. Babynahrung oder Medikamenten. Die gesamte Kommunikation zwischen Ihnen und uns wird aufgezeichnet und kann \u00fcber eine Online-Plattform eingesehen werden.<\/p>\n\n\n\n<div style=\"height:33px\" aria-hidden=\"true\" class=\"wp-block-spacer\"><\/div>\n\n\n\n<h2 class=\"wp-block-heading\"><strong><strong>SICHERHEIT wird bei uns gro\u00df geschrieben<\/strong><\/strong><\/h2>\n\n\n\n<p>Wir arbeiten nach den strengsten Normen f\u00fcr Qualit\u00e4t, Hygiene, Arbeitsbedingungen und&nbsp;-sicherheit. Dies wird j\u00e4hrlich von unabh\u00e4ngigen Pr\u00fcfern kontrolliert und best\u00e4tigt.<\/p>\n\n\n\n<p><a href=\"https:\/\/royalsens.com\/de\/certificaten\">Zu den Zertifikaten<\/a><\/p>\n<\/div>\n<\/div>\n\n\n\n<figure class=\"wp-block-image size-large\"><img loading=\"lazy\" decoding=\"async\" width=\"1024\" height=\"225\" src=\"https:\/\/royalsens.com\/de\/wp-content\/uploads\/2026\/04\/logoVerzameling-1024x225-1-1024x225.jpg\" alt=\"\" class=\"wp-image-1396\" srcset=\"https:\/\/royalsens.com\/de\/wp-content\/uploads\/2026\/04\/logoVerzameling-1024x225-1-1024x225.jpg 1024w, https:\/\/royalsens.com\/de\/wp-content\/uploads\/2026\/04\/logoVerzameling-1024x225-1-300x66.jpg 300w, https:\/\/royalsens.com\/de\/wp-content\/uploads\/2026\/04\/logoVerzameling-1024x225-1-768x169.jpg 768w, https:\/\/royalsens.com\/de\/wp-content\/uploads\/2026\/04\/logoVerzameling-1024x225-1.jpg 1365w\" sizes=\"auto, (max-width: 1024px) 100vw, 1024px\" \/><\/figure>\n<\/div>\n<\/div>\n","protected":false},"excerpt":{"rendered":"<p>A-Marken und Handelsmarken Royal Sens beliefert haupts\u00e4chlich die Lebensmittel- und Getr\u00e4nkeindustrie, sowie auch Hersteller von Haushalts- und Pharmaprodukten. Zu unseren Kunden geh\u00f6ren fast alle f\u00fchrenden europ\u00e4ischen Hersteller von Premium-Marken sowie eine gro\u00dfe Zahl von Handelsmarkenherstellern. Pers\u00f6nlicher Ansprechpartner Als Kunde von Royal Sens k\u00f6nnen Sie sich auf Ihre kompetenten Ansprechpartner verlassen. Wir denken mit und entwickeln [&hellip;]<\/p>\n","protected":false},"author":1,"featured_media":0,"parent":0,"menu_order":0,"comment_status":"closed","ping_status":"closed","template":"","meta":{"_acf_changed":false,"editor_notices":[],"footnotes":""},"class_list":["post-40","page","type-page","status-publish","hentry"],"acf":[],"yoast_head":"<!-- This site is optimized with the Yoast SEO plugin v27.2 - https:\/\/yoast.com\/product\/yoast-seo-wordpress\/ -->\n<title>\u00dcber uns - Royal Sens DE<\/title>\n<meta name=\"robots\" content=\"index, follow, max-snippet:-1, max-image-preview:large, max-video-preview:-1\" \/>\n<link rel=\"canonical\" href=\"https:\/\/royalsens.com\/de\/uber-uns\/\" \/>\n<meta property=\"og:locale\" content=\"de_DE\" \/>\n<meta property=\"og:type\" content=\"article\" \/>\n<meta property=\"og:title\" content=\"\u00dcber uns - Royal Sens DE\" \/>\n<meta property=\"og:description\" content=\"A-Marken und Handelsmarken Royal Sens beliefert haupts\u00e4chlich die Lebensmittel- und Getr\u00e4nkeindustrie, sowie auch Hersteller von Haushalts- und Pharmaprodukten. Zu unseren Kunden geh\u00f6ren fast alle f\u00fchrenden europ\u00e4ischen Hersteller von Premium-Marken sowie eine gro\u00dfe Zahl von Handelsmarkenherstellern. Pers\u00f6nlicher Ansprechpartner Als Kunde von Royal Sens k\u00f6nnen Sie sich auf Ihre kompetenten Ansprechpartner verlassen. Wir denken mit und entwickeln [&hellip;]\" \/>\n<meta property=\"og:url\" content=\"https:\/\/royalsens.com\/de\/uber-uns\/\" \/>\n<meta property=\"og:site_name\" content=\"Royal Sens DE\" \/>\n<meta property=\"article:modified_time\" content=\"2026-04-24T06:43:44+00:00\" \/>\n<meta property=\"og:image\" content=\"https:\/\/royalsens.com\/wp-content\/uploads\/2021\/04\/avl_royalsens_210622-035-1024x698.jpg\" \/>\n<meta name=\"twitter:card\" content=\"summary_large_image\" \/>\n<meta name=\"twitter:label1\" content=\"Gesch\u00e4tzte Lesezeit\" \/>\n\t<meta name=\"twitter:data1\" content=\"2\u00a0Minuten\" \/>\n<script type=\"application\/ld+json\" class=\"yoast-schema-graph\">{\"@context\":\"https:\/\/schema.org\",\"@graph\":[{\"@type\":\"WebPage\",\"@id\":\"https:\/\/royalsens.com\/de\/uber-uns\/\",\"url\":\"https:\/\/royalsens.com\/de\/uber-uns\/\",\"name\":\"\u00dcber uns - Royal Sens DE\",\"isPartOf\":{\"@id\":\"https:\/\/royalsens.com\/de\/#website\"},\"primaryImageOfPage\":{\"@id\":\"https:\/\/royalsens.com\/de\/uber-uns\/#primaryimage\"},\"image\":{\"@id\":\"https:\/\/royalsens.com\/de\/uber-uns\/#primaryimage\"},\"thumbnailUrl\":\"https:\/\/royalsens.com\/wp-content\/uploads\/2021\/04\/avl_royalsens_210622-035-1024x698.jpg\",\"datePublished\":\"2022-09-29T09:03:04+00:00\",\"dateModified\":\"2026-04-24T06:43:44+00:00\",\"breadcrumb\":{\"@id\":\"https:\/\/royalsens.com\/de\/uber-uns\/#breadcrumb\"},\"inLanguage\":\"de\",\"potentialAction\":[{\"@type\":\"ReadAction\",\"target\":[\"https:\/\/royalsens.com\/de\/uber-uns\/\"]}]},{\"@type\":\"ImageObject\",\"inLanguage\":\"de\",\"@id\":\"https:\/\/royalsens.com\/de\/uber-uns\/#primaryimage\",\"url\":\"https:\/\/royalsens.com\/wp-content\/uploads\/2021\/04\/avl_royalsens_210622-035-1024x698.jpg\",\"contentUrl\":\"https:\/\/royalsens.com\/wp-content\/uploads\/2021\/04\/avl_royalsens_210622-035-1024x698.jpg\"},{\"@type\":\"BreadcrumbList\",\"@id\":\"https:\/\/royalsens.com\/de\/uber-uns\/#breadcrumb\",\"itemListElement\":[{\"@type\":\"ListItem\",\"position\":1,\"name\":\"Home\",\"item\":\"https:\/\/royalsens.com\/de\/\"},{\"@type\":\"ListItem\",\"position\":2,\"name\":\"\u00dcber uns\"}]},{\"@type\":\"WebSite\",\"@id\":\"https:\/\/royalsens.com\/de\/#website\",\"url\":\"https:\/\/royalsens.com\/de\/\",\"name\":\"Royal Sens DE\",\"description\":\"\",\"potentialAction\":[{\"@type\":\"SearchAction\",\"target\":{\"@type\":\"EntryPoint\",\"urlTemplate\":\"https:\/\/royalsens.com\/de\/?s={search_term_string}\"},\"query-input\":{\"@type\":\"PropertyValueSpecification\",\"valueRequired\":true,\"valueName\":\"search_term_string\"}}],\"inLanguage\":\"de\"}]}<\/script>\n<!-- \/ Yoast SEO plugin. -->","yoast_head_json":{"title":"\u00dcber uns - Royal Sens DE","robots":{"index":"index","follow":"follow","max-snippet":"max-snippet:-1","max-image-preview":"max-image-preview:large","max-video-preview":"max-video-preview:-1"},"canonical":"https:\/\/royalsens.com\/de\/uber-uns\/","og_locale":"de_DE","og_type":"article","og_title":"\u00dcber uns - Royal Sens DE","og_description":"A-Marken und Handelsmarken Royal Sens beliefert haupts\u00e4chlich die Lebensmittel- und Getr\u00e4nkeindustrie, sowie auch Hersteller von Haushalts- und Pharmaprodukten. Zu unseren Kunden geh\u00f6ren fast alle f\u00fchrenden europ\u00e4ischen Hersteller von Premium-Marken sowie eine gro\u00dfe Zahl von Handelsmarkenherstellern. Pers\u00f6nlicher Ansprechpartner Als Kunde von Royal Sens k\u00f6nnen Sie sich auf Ihre kompetenten Ansprechpartner verlassen. Wir denken mit und entwickeln [&hellip;]","og_url":"https:\/\/royalsens.com\/de\/uber-uns\/","og_site_name":"Royal Sens DE","article_modified_time":"2026-04-24T06:43:44+00:00","og_image":[{"url":"https:\/\/royalsens.com\/wp-content\/uploads\/2021\/04\/avl_royalsens_210622-035-1024x698.jpg","type":"","width":"","height":""}],"twitter_card":"summary_large_image","twitter_misc":{"Gesch\u00e4tzte Lesezeit":"2\u00a0Minuten"},"schema":{"@context":"https:\/\/schema.org","@graph":[{"@type":"WebPage","@id":"https:\/\/royalsens.com\/de\/uber-uns\/","url":"https:\/\/royalsens.com\/de\/uber-uns\/","name":"\u00dcber uns - Royal Sens DE","isPartOf":{"@id":"https:\/\/royalsens.com\/de\/#website"},"primaryImageOfPage":{"@id":"https:\/\/royalsens.com\/de\/uber-uns\/#primaryimage"},"image":{"@id":"https:\/\/royalsens.com\/de\/uber-uns\/#primaryimage"},"thumbnailUrl":"https:\/\/royalsens.com\/wp-content\/uploads\/2021\/04\/avl_royalsens_210622-035-1024x698.jpg","datePublished":"2022-09-29T09:03:04+00:00","dateModified":"2026-04-24T06:43:44+00:00","breadcrumb":{"@id":"https:\/\/royalsens.com\/de\/uber-uns\/#breadcrumb"},"inLanguage":"de","potentialAction":[{"@type":"ReadAction","target":["https:\/\/royalsens.com\/de\/uber-uns\/"]}]},{"@type":"ImageObject","inLanguage":"de","@id":"https:\/\/royalsens.com\/de\/uber-uns\/#primaryimage","url":"https:\/\/royalsens.com\/wp-content\/uploads\/2021\/04\/avl_royalsens_210622-035-1024x698.jpg","contentUrl":"https:\/\/royalsens.com\/wp-content\/uploads\/2021\/04\/avl_royalsens_210622-035-1024x698.jpg"},{"@type":"BreadcrumbList","@id":"https:\/\/royalsens.com\/de\/uber-uns\/#breadcrumb","itemListElement":[{"@type":"ListItem","position":1,"name":"Home","item":"https:\/\/royalsens.com\/de\/"},{"@type":"ListItem","position":2,"name":"\u00dcber uns"}]},{"@type":"WebSite","@id":"https:\/\/royalsens.com\/de\/#website","url":"https:\/\/royalsens.com\/de\/","name":"Royal Sens DE","description":"","potentialAction":[{"@type":"SearchAction","target":{"@type":"EntryPoint","urlTemplate":"https:\/\/royalsens.com\/de\/?s={search_term_string}"},"query-input":{"@type":"PropertyValueSpecification","valueRequired":true,"valueName":"search_term_string"}}],"inLanguage":"de"}]}},"_links":{"self":[{"href":"https:\/\/royalsens.com\/de\/wp-json\/wp\/v2\/pages\/40","targetHints":{"allow":["GET"]}}],"collection":[{"href":"https:\/\/royalsens.com\/de\/wp-json\/wp\/v2\/pages"}],"about":[{"href":"https:\/\/royalsens.com\/de\/wp-json\/wp\/v2\/types\/page"}],"author":[{"embeddable":true,"href":"https:\/\/royalsens.com\/de\/wp-json\/wp\/v2\/users\/1"}],"replies":[{"embeddable":true,"href":"https:\/\/royalsens.com\/de\/wp-json\/wp\/v2\/comments?post=40"}],"version-history":[{"count":71,"href":"https:\/\/royalsens.com\/de\/wp-json\/wp\/v2\/pages\/40\/revisions"}],"predecessor-version":[{"id":1400,"href":"https:\/\/royalsens.com\/de\/wp-json\/wp\/v2\/pages\/40\/revisions\/1400"}],"wp:attachment":[{"href":"https:\/\/royalsens.com\/de\/wp-json\/wp\/v2\/media?parent=40"}],"curies":[{"name":"wp","href":"https:\/\/api.w.org\/{rel}","templated":true}]}}